{"id":37,"date":"2023-12-12T14:33:50","date_gmt":"2023-12-12T14:33:50","guid":{"rendered":"https:\/\/hymoonie.com\/?page_id=37"},"modified":"2024-01-03T15:46:57","modified_gmt":"2024-01-03T15:46:57","slug":"thuong-chao","status":"publish","type":"page","link":"https:\/\/www.hymoonie.com\/index.php\/thuong-chao\/","title":{"rendered":"Th\u01b0\u01a1ng ch\u00e0o"},"content":{"rendered":"\n<p>M\u00ecnh \u0111\u00e3 lu\u00f4n c\u00f3 \u00fd \u0111\u1ecbnh l\u00e0m m\u1ed9t chi\u1ebfc blog c\u1ee7a ri\u00eang m\u00ecnh t\u1eeb r\u1ea5t l\u00e2u r\u1ed3i. Nh\u01b0ng cu\u1ed1i c\u00f9ng th\u00ec v\u00ec s\u1ee3, v\u00ec b\u1eadn v\u00e0 v\u00ec r\u1ea5t nhi\u1ec1u l\u00fd do kh\u00e1c m\u00e0 m\u00ecnh tr\u00ec ho\u00e3n \u0111\u1ebfn b\u00e2y gi\u1edd. R\u1ed3i \u0111\u1ebfn m\u1ed9t \u0111\u1ed9 tu\u1ed5i, m\u00ecnh d\u1eebng s\u1ed1ng theo k\u1ef3 v\u1ecdng c\u1ee7a ng\u01b0\u1eddi kh\u00e1c v\u00e0 l\u00e0m nh\u1eefng \u0111i\u1ec1u m\u00ecnh th\u00edch v\u00e0 vi\u1ebft l\u00e0 m\u1ed9t trong nh\u1eefng \u0111i\u1ec1u \u0111\u00f3. M\u00ecnh c\u0169ng gi\u1ed1ng nh\u01b0 r\u1ea5t nhi\u1ec1u ng\u01b0\u1eddi kh\u00e1c, c\u0169ng l\u00e0 m\u1ed9t con ng\u01b0\u1eddi b\u00ecnh th\u01b0\u1eddng \u0111ang tr\u1ea3i nghi\u1ec7m cu\u1ed9c \u0111\u1eddi n\u00e0y. Chi\u1ebfc blog n\u00e0y ghi l\u1ea1i nh\u1eefng tr\u1ea3i nghi\u1ec7m, suy ngh\u0129 c\u1ee7a m\u00ecnh v\u1ec1 chuy\u1ec7n h\u1ecdc, chuy\u1ec7n l\u00e0m, chuy\u1ec7n y\u00eau v\u00e0 c\u00e1c th\u1ee9 chuy\u1ec7n kh\u00e1c \u1edf tr\u00ean \u0111\u1eddi. N\u1ebfu b\u1ea1n c\u00f3 v\u00f4 t\u00ecnh gh\u00e9 \u0111\u01b0\u1ee3c n\u01a1i \u0111\u00e2y th\u00ec mong b\u1ea1n c\u0169ng s\u1ebd c\u00f3 tr\u1ea3i nghi\u1ec7m th\u00fa v\u1ecb. <\/p>\n\n\n\n<p>B\u1ea1n c\u00f3 th\u1ec3 li\u00ean h\u1ec7 v\u1edbi m\u00ecnh qua<\/p>\n\n\n\n<ul class=\"wp-block-list\">\n<li>Facebook: <a href=\"https:\/\/www.facebook.com\/little.lion.127\" target=\"_blank\" rel=\"noopener\">https:\/\/www.facebook.com\/little.lion.127<\/a><\/li>\n\n\n\n<li>Email: nguyetlinh.nguyen2907@gmail.com <\/li>\n<\/ul>\n","protected":false},"excerpt":{"rendered":"<p>M\u00ecnh \u0111\u00e3 lu\u00f4n c\u00f3 \u00fd \u0111\u1ecbnh l\u00e0m m\u1ed9t chi\u1ebfc blog c\u1ee7a ri\u00eang m\u00ecnh t\u1eeb r\u1ea5t l\u00e2u r\u1ed3i. Nh\u01b0ng cu\u1ed1i c\u00f9ng th\u00ec v\u00ec s\u1ee3, v\u00ec b\u1eadn v\u00e0 v\u00ec r\u1ea5t nhi\u1ec1u l\u00fd do kh\u00e1c m\u00e0 m\u00ecnh tr\u00ec ho\u00e3n [&hellip;]<\/p>\n","protected":false},"author":1,"featured_media":0,"parent":0,"menu_order":0,"comment_status":"closed","ping_status":"closed","template":"","meta":{"footnotes":""},"class_list":["post-37","page","type-page","status-publish","hentry"],"_links":{"self":[{"href":"https:\/\/www.hymoonie.com\/index.php\/wp-json\/wp\/v2\/pages\/37","targetHints":{"allow":["GET"]}}],"collection":[{"href":"https:\/\/www.hymoonie.com\/index.php\/wp-json\/wp\/v2\/pages"}],"about":[{"href":"https:\/\/www.hymoonie.com\/index.php\/wp-json\/wp\/v2\/types\/page"}],"author":[{"embeddable":true,"href":"https:\/\/www.hymoonie.com\/index.php\/wp-json\/wp\/v2\/users\/1"}],"replies":[{"embeddable":true,"href":"https:\/\/www.hymoonie.com\/index.php\/wp-json\/wp\/v2\/comments?post=37"}],"version-history":[{"count":0,"href":"https:\/\/www.hymoonie.com\/index.php\/wp-json\/wp\/v2\/pages\/37\/revisions"}],"wp:attachment":[{"href":"https:\/\/www.hymoonie.com\/index.php\/wp-json\/wp\/v2\/media?parent=37"}],"curies":[{"name":"wp","href":"https:\/\/api.w.org\/{rel}","templated":true}]}}